{"id":1204,"date":"2020-10-20T15:31:31","date_gmt":"2020-10-20T15:31:31","guid":{"rendered":"https:\/\/stonecash.co\/tr\/?page_id=1204"},"modified":"2021-01-26T23:07:53","modified_gmt":"2021-01-26T23:07:53","slug":"contact_sales","status":"publish","type":"page","link":"https:\/\/stonecash.co\/tr\/contact_sales\/","title":{"rendered":"CONTACT SALES"},"content":{"rendered":"\n<style type=\"text\/css\" data-created_by=\"avia_inline_auto\" id=\"style-css-av-4qjuco-ae7a9cb6ae70da3d3f612e0c48bb2f7e\">\n.avia-section.av-4qjuco-ae7a9cb6ae70da3d3f612e0c48bb2f7e .av-section-color-overlay{\nopacity:0.7;\nbackground-color:#668aa3;\n}\n<\/style>\n<div id='av_section_1'  class='avia-section av-4qjuco-ae7a9cb6ae70da3d3f612e0c48bb2f7e main_color avia-section-huge avia-no-border-styling  avia-builder-el-0  el_before_av_one_half  avia-builder-el-first  avia-bg-style-parallax av-section-color-overlay-active av-minimum-height av-minimum-height-50 av-height-50  container_wrap fullsize'   data-av_minimum_height_pc='50' data-av_min_height_opt='50'><div class=\"av-section-color-overlay-wrap\"><div class=\"av-section-color-overlay\"><\/div><a href='#next-section' title='' class='scroll-down-link  avia-svg-icon avia-font-svg_entypo-fontello' data-av_svg_icon='down-open-mini' data-av_iconset='svg_entypo-fontello'><svg version=\"1.1\" xmlns=\"http:\/\/www.w3.org\/2000\/svg\" width=\"15\" height=\"32\" viewBox=\"0 0 15 32\" preserveAspectRatio=\"xMidYMid meet\" aria-labelledby='av-svg-title-1' aria-describedby='av-svg-desc-1' role=\"graphics-symbol\" aria-hidden=\"true\">\n<title id='av-svg-title-1'>Scroll to next section<\/title>\n<desc id='av-svg-desc-1'>Scroll to next section<\/desc>\n<path d=\"M12.96 12.16q0.704-0.832 1.536 0 0.832 0.704 0 1.536l-6.272 6.144q-0.704 0.704-1.536 0l-6.272-6.144q-0.832-0.832 0-1.536 0.768-0.768 1.6 0l5.44 4.992z\"><\/path>\n<\/svg><\/a><div class='container av-section-cont-open' ><main  role=\"main\" itemprop=\"mainContentOfPage\"  class='template-page content  av-content-full alpha units'><div class='post-entry post-entry-type-page post-entry-1204'><div class='entry-content-wrapper clearfix'>\n\n<style type=\"text\/css\" data-created_by=\"avia_inline_auto\" id=\"style-css-av-418i8k-30937b35b7ac0e2514616402897465ef\">\n.flex_column.av-418i8k-30937b35b7ac0e2514616402897465ef{\nborder-radius:0px 0px 0px 0px;\npadding:0px 0px 0px 0px;\n}\n<\/style>\n<div  class='flex_column av-418i8k-30937b35b7ac0e2514616402897465ef av_one_fifth  avia-builder-el-1  el_before_av_three_fifth  avia-builder-el-first  first flex_column_div av-zero-column-padding  '     ><\/div><div  class='flex_column av-fliwo-77af596d5a3e7a6edc0c5a92febe4165 av_three_fifth  avia-builder-el-2  el_after_av_one_fifth  el_before_av_one_fifth  flex_column_div  '     ><p>\n<style type=\"text\/css\" data-created_by=\"avia_inline_auto\" id=\"style-css-av-khp0gfki-196f62a8ec9c7bc37885a85173a31258\">\n#top .av-special-heading.av-khp0gfki-196f62a8ec9c7bc37885a85173a31258{\npadding-bottom:10px;\nfont-size:50px;\n}\nbody .av-special-heading.av-khp0gfki-196f62a8ec9c7bc37885a85173a31258 .av-special-heading-tag .heading-char{\nfont-size:25px;\n}\n#top #wrap_all .av-special-heading.av-khp0gfki-196f62a8ec9c7bc37885a85173a31258 .av-special-heading-tag{\nfont-size:50px;\n}\n.av-special-heading.av-khp0gfki-196f62a8ec9c7bc37885a85173a31258 .av-subheading{\nfont-size:15px;\n}\n\n@media only screen and (min-width: 480px) and (max-width: 767px){ \n#top #wrap_all .av-special-heading.av-khp0gfki-196f62a8ec9c7bc37885a85173a31258 .av-special-heading-tag{\nfont-size:0.8em;\n}\n}\n\n@media only screen and (max-width: 479px){ \n#top #wrap_all .av-special-heading.av-khp0gfki-196f62a8ec9c7bc37885a85173a31258 .av-special-heading-tag{\nfont-size:0.8em;\n}\n}\n<\/style>\n<div  class='av-special-heading av-khp0gfki-196f62a8ec9c7bc37885a85173a31258 av-special-heading-h1 blockquote modern-quote modern-centered  avia-builder-el-3  el_before_av_hr  avia-builder-el-first  av-inherit-size'><h1 class='av-special-heading-tag '  itemprop=\"headline\"  >SATI\u015eLARLA \u0130RT\u0130BAT KURUN<\/h1><div class=\"special-heading-border\"><div class=\"special-heading-inner-border\"><\/div><\/div><\/div><br \/>\n\n<style type=\"text\/css\" data-created_by=\"avia_inline_auto\" id=\"style-css-av-42c2v4-75701e8dde188405290df23bcc5498e2\">\n#top .hr.av-42c2v4-75701e8dde188405290df23bcc5498e2{\nmargin-top:40px;\nmargin-bottom:40px;\n}\n.hr.av-42c2v4-75701e8dde188405290df23bcc5498e2 .hr-inner{\nwidth:50px;\nborder-color:#ffffff;\n}\n<\/style>\n<div  class='hr av-42c2v4-75701e8dde188405290df23bcc5498e2 hr-custom  avia-builder-el-4  el_after_av_heading  el_before_av_textblock  hr-center hr-icon-no'><span class='hr-inner inner-border-av-border-fat'><span class=\"hr-inner-style\"><\/span><\/span><\/div><br \/>\n\n<style type=\"text\/css\" data-created_by=\"avia_inline_auto\" id=\"style-css-av-kgi4k75b-32de7ac707471dfac8cf38236964740b\">\n#top .av_textblock_section.av-kgi4k75b-32de7ac707471dfac8cf38236964740b .avia_textblock{\nfont-size:30px;\ncolor:#ffffff;\n}\n<\/style>\n<section  class='av_textblock_section av-kgi4k75b-32de7ac707471dfac8cf38236964740b '   itemscope=\"itemscope\" itemtype=\"https:\/\/schema.org\/CreativeWork\" ><div class='avia_textblock av_inherit_color'  itemprop=\"text\" ><p style=\"text-align: center;\">Hizmetlerimiz, fiyatland\u0131rma, gelecek \u00fcr\u00fcn s\u00fcr\u00fcmleri, teknik bilgiler veya ba\u015fka herhangi bir \u015fey hakk\u0131nda sorular\u0131n\u0131z i\u00e7in ileti\u015fime ge\u00e7in.<\/p>\n<\/div><\/section><\/p><\/div>\n<style type=\"text\/css\" data-created_by=\"avia_inline_auto\" id=\"style-css-av-2eg5ys-4a0dfd50f919727ab25c08dad873feac\">\n.flex_column.av-2eg5ys-4a0dfd50f919727ab25c08dad873feac{\nborder-radius:0px 0px 0px 0px;\npadding:0px 0px 0px 0px;\n}\n<\/style>\n<div  class='flex_column av-2eg5ys-4a0dfd50f919727ab25c08dad873feac av_one_fifth  avia-builder-el-6  el_after_av_three_fifth  avia-builder-el-last  flex_column_div av-zero-column-padding  '     ><\/div>\n<\/div><\/div><\/main><!-- close content main element --><\/div><\/div><\/div><div id='after_section_1'  class='main_color av_default_container_wrap container_wrap fullsize'  ><div class='container av-section-cont-open' ><div class='template-page content  av-content-full alpha units'><div class='post-entry post-entry-type-page post-entry-1204'><div class='entry-content-wrapper clearfix'>\n\n<style type=\"text\/css\" data-created_by=\"avia_inline_auto\" id=\"style-css-av-iiynn8-981508687726abd47a3c8963eca47ee8\">\n.flex_column.av-iiynn8-981508687726abd47a3c8963eca47ee8{\nborder-radius:0px 0px 0px 0px;\npadding:0px 0px 0px 0px;\n}\n<\/style>\n<div  class='flex_column av-iiynn8-981508687726abd47a3c8963eca47ee8 av_one_half  avia-builder-el-7  el_after_av_section  el_before_av_one_half  avia-builder-el-first  first flex_column_div av-zero-column-padding  '     ><p>\n<style type=\"text\/css\" data-created_by=\"avia_inline_auto\" id=\"style-css-av-kgi5d5kg-05b67fd9a39bf6563015a36b3b655e46\">\n#top .hr.hr-invisible.av-kgi5d5kg-05b67fd9a39bf6563015a36b3b655e46{\nheight:50px;\n}\n<\/style>\n<div  class='hr av-kgi5d5kg-05b67fd9a39bf6563015a36b3b655e46 hr-invisible  avia-builder-el-8  el_before_av_iconlist  avia-builder-el-first '><span class='hr-inner '><span class=\"hr-inner-style\"><\/span><\/span><\/div><br \/>\n<div  class='avia-icon-list-container av-hr47ok-ae1f059211c003fe9a9c735aa911f63c  avia-builder-el-9  el_after_av_hr  avia-builder-el-last '><ul class='avia-icon-list avia_animate_when_almost_visible avia-icon-list-left av-iconlist-big av-hr47ok-ae1f059211c003fe9a9c735aa911f63c avia-iconlist-animate'>\n<li><div class='iconlist_icon av-gj0ok-34402fef77b099c369a60f01840e719a avia-font-entypo-fontello avia-iconfont avia-font-entypo-fontello'><span class='av-icon-char' data-av_icon='\ue841' data-av_iconfont='entypo-fontello' aria-hidden=\"true\"><\/span><\/div><article class=\"article-icon-entry \"  itemscope=\"itemscope\" itemtype=\"https:\/\/schema.org\/CreativeWork\" ><div class=\"iconlist_content_wrap\"><header class=\"entry-content-header\" aria-label=\"Icon: \"><\/header><div class='iconlist_content '  itemprop=\"text\" ><p>Premium \u00f6zelliklerimiz, fiyatland\u0131rma, i\u015f \u00f6zelle\u015ftirme ve \/ veya hizmet aboneliklerimiz hakk\u0131nda daha fazla bilgi edinin.<\/p>\n<\/div><\/div><footer class=\"entry-footer\"><\/footer><\/article><div class=\"iconlist-timeline\"><\/div><\/li>\n<li><div class='iconlist_icon av-38t9tg-cc6c86f95c017853942f8d60af772ff0 avia-font-entypo-fontello avia-iconfont avia-font-entypo-fontello'><span class='av-icon-char' data-av_icon='' data-av_iconfont='entypo-fontello' aria-hidden=\"true\"><\/span><\/div><article class=\"article-icon-entry \"  itemscope=\"itemscope\" itemtype=\"https:\/\/schema.org\/CreativeWork\" ><div class=\"iconlist_content_wrap\"><header class=\"entry-content-header\" aria-label=\"Icon: \"><\/header><div class='iconlist_content '  itemprop=\"text\" ><p>Bir Sat\u0131\u015f temsilcisi ile g\u00f6r\u00fc\u015fmeyi mi tercih edersiniz?<\/p>\n<p><a href=\"https:\/\/www.connectivetrade.com\/\">CONNECTIVETRADE<\/a><\/p>\n<\/div><\/div><footer class=\"entry-footer\"><\/footer><\/article><div class=\"iconlist-timeline\"><\/div><\/li>\n<\/ul><\/div><\/p><\/div>\n\n<style type=\"text\/css\" data-created_by=\"avia_inline_auto\" id=\"style-css-av-ay8750-8e4f3ea26b9cee3ff2d745e391aba83a\">\n.flex_column.av-ay8750-8e4f3ea26b9cee3ff2d745e391aba83a{\nborder-radius:0px 0px 0px 0px;\npadding:0px 0px 0px 0px;\n}\n<\/style>\n<div  class='flex_column av-ay8750-8e4f3ea26b9cee3ff2d745e391aba83a av_one_half  avia-builder-el-10  el_after_av_one_half  avia-builder-el-last  flex_column_div av-zero-column-padding  '     ><p>\n<style type=\"text\/css\" data-created_by=\"avia_inline_auto\" id=\"style-css-av-av_heading-a51097c29f682e7418c048d00cdcfb8f\">\n#top .av-special-heading.av-av_heading-a51097c29f682e7418c048d00cdcfb8f{\npadding-bottom:10px;\nfont-size:30px;\n}\nbody .av-special-heading.av-av_heading-a51097c29f682e7418c048d00cdcfb8f .av-special-heading-tag .heading-char{\nfont-size:25px;\n}\n#top #wrap_all .av-special-heading.av-av_heading-a51097c29f682e7418c048d00cdcfb8f .av-special-heading-tag{\nfont-size:30px;\n}\n.av-special-heading.av-av_heading-a51097c29f682e7418c048d00cdcfb8f .av-subheading{\nfont-size:15px;\n}\n\n@media only screen and (min-width: 480px) and (max-width: 767px){ \n#top #wrap_all .av-special-heading.av-av_heading-a51097c29f682e7418c048d00cdcfb8f .av-special-heading-tag{\nfont-size:0.8em;\n}\n}\n\n@media only screen and (max-width: 479px){ \n#top #wrap_all .av-special-heading.av-av_heading-a51097c29f682e7418c048d00cdcfb8f .av-special-heading-tag{\nfont-size:0.8em;\n}\n}\n<\/style>\n<div  class='av-special-heading av-av_heading-a51097c29f682e7418c048d00cdcfb8f av-special-heading-h1 blockquote modern-quote modern-centered  avia-builder-el-11  el_before_av_contact  avia-builder-el-first  av-inherit-size'><h1 class='av-special-heading-tag '  itemprop=\"headline\"  >STONECASH EK\u0130B\u0130 \u0130\u00c7\u0130N SORUNUZ MU VAR?<\/h1><div class=\"special-heading-border\"><div class=\"special-heading-inner-border\"><\/div><\/div><\/div><br \/>\n<form action=\"https:\/\/stonecash.co\/tr\/contact_sales\/\" method=\"post\" data-fields-with-error=\"Found errors in the following field(s):\" class=\"avia_ajax_form av-form-labels-visible   avia-builder-el-12  el_after_av_heading  avia-builder-el-last   \" data-avia-form-id=\"1\" data-avia-redirect='' ><fieldset><p class='  first_form  form_element form_fullwidth' id='element_avia_1_1'><label for=\"avia_1_1\">Ad Soyad <abbr class=\"required\" title=\"required\">*<\/abbr><\/label> <input name=\"avia_1_1\" class=\"text_input is_empty\" type=\"text\" id=\"avia_1_1\" value=\"\" \/><\/p><p class='  first_form  form_element form_fullwidth' id='element_avia_2_1'><label for=\"avia_2_1\">E-Mail <abbr class=\"required\" title=\"required\">*<\/abbr><\/label> <input name=\"avia_2_1\" class=\"text_input is_email\" type=\"text\" id=\"avia_2_1\" value=\"\" \/><\/p><p class='  first_form  form_element form_fullwidth' id='element_avia_3_1'><label for=\"avia_3_1\">Web sitesi <abbr class=\"required\" title=\"required\">*<\/abbr><\/label> <input name=\"avia_3_1\" class=\"text_input is_empty\" type=\"text\" id=\"avia_3_1\" value=\"\" \/><\/p><p class='  first_form  form_element form_fullwidth' id='element_avia_4_1'><label for=\"avia_4_1\">\u0130\u015f ismi <abbr class=\"required\" title=\"required\">*<\/abbr><\/label> <input name=\"avia_4_1\" class=\"text_input is_empty\" type=\"text\" id=\"avia_4_1\" value=\"\" \/><\/p><p class='  first_form  form_element form_fullwidth' id='element_avia_5_1'><label for=\"avia_5_1\" class=\"textare_label hidden textare_label_avia_5_1\">Mesaj <abbr class=\"required\" title=\"required\">*<\/abbr><\/label><textarea  name=\"avia_5_1\" class=\"text_area is_empty\" cols=\"40\" rows=\"7\" id=\"avia_5_1\" ><\/textarea><\/p><p class=\"hidden\"><input type=\"text\" name=\"avia_6_1\" class=\"hidden \" id=\"avia_6_1\" value=\"\" \/><\/p><p class='   form_element form_fullwidth' id='element_avia_7_1'><span class='value_verifier_label'>4 + 3 = ?<\/span><input name=\"avia_7_1_verifier\" type=\"hidden\" id=\"avia_7_1_verifier\" value=\"734478254\"\/><label for=\"avia_7_1\">Please prove that you are human by solving the equation <abbr class=\"required\" title=\"required\">*<\/abbr><\/label><input name=\"avia_7_1\" class=\"text_input captcha\" type=\"text\" id=\"avia_7_1\" value=\"\"\/><\/p><p class=\"form_element \"><input type=\"hidden\" value=\"1\" name=\"avia_generated_form1\" \/><input type=\"submit\" value=\"Submit\" class=\"button\"  data-sending-label=\"Sending\"\/><\/p><\/fieldset><\/form><div id=\"ajaxresponse_1\" class=\"ajaxresponse ajaxresponse_1 hidden\"><\/div><\/p><\/div>\n","protected":false},"excerpt":{"rendered":"","protected":false},"author":1,"featured_media":0,"parent":0,"menu_order":0,"comment_status":"open","ping_status":"closed","template":"","meta":{"footnotes":""},"class_list":["post-1204","page","type-page","status-publish","hentry"],"_links":{"self":[{"href":"https:\/\/stonecash.co\/tr\/wp-json\/wp\/v2\/pages\/1204","targetHints":{"allow":["GET"]}}],"collection":[{"href":"https:\/\/stonecash.co\/tr\/wp-json\/wp\/v2\/pages"}],"about":[{"href":"https:\/\/stonecash.co\/tr\/wp-json\/wp\/v2\/types\/page"}],"author":[{"embeddable":true,"href":"https:\/\/stonecash.co\/tr\/wp-json\/wp\/v2\/users\/1"}],"replies":[{"embeddable":true,"href":"https:\/\/stonecash.co\/tr\/wp-json\/wp\/v2\/comments?post=1204"}],"version-history":[{"count":18,"href":"https:\/\/stonecash.co\/tr\/wp-json\/wp\/v2\/pages\/1204\/revisions"}],"predecessor-version":[{"id":1639,"href":"https:\/\/stonecash.co\/tr\/wp-json\/wp\/v2\/pages\/1204\/revisions\/1639"}],"wp:attachment":[{"href":"https:\/\/stonecash.co\/tr\/wp-json\/wp\/v2\/media?parent=1204"}],"curies":[{"name":"wp","href":"https:\/\/api.w.org\/{rel}","templated":true}]}}