{"id":1116,"date":"2020-10-20T09:48:56","date_gmt":"2020-10-20T09:48:56","guid":{"rendered":"https:\/\/stonecash.co\/tr\/?post_type=product&#038;p=1116"},"modified":"2020-11-20T16:21:08","modified_gmt":"2020-11-20T16:21:08","slug":"livepage","status":"publish","type":"product","link":"https:\/\/stonecash.co\/tr\/product\/livepage\/","title":{"rendered":"LIVE PAGE"},"content":{"rendered":"<p><strong>Dahil:<\/strong><\/p>\n<p class=\"p1\">&#8211; StoneCash premium \u00f6zellikler<\/p>\n<p class=\"p1\">&#8211; Firman\u0131za \u00f6zel Live Page<\/p>\n<p class=\"p1\">&#8211; Y\u0131l boyunca ger\u00e7ekle\u015fecek 3 adet SmartFair\u2019a kat\u0131lma hakk\u0131<\/p>\n<p class=\"p1\">&#8211; Logonuzun oldu\u011fu s\u0131n\u0131rs\u0131z davetiye<\/p>\n<p>&#8211; S\u0131n\u0131rs\u0131z Smartfair ziyaret\u00e7isi ile tan\u0131\u015fma<\/p>\n<p>&nbsp;<\/p>\n<p><strong>\u00d6deme<\/strong>:<\/p>\n<p><strong>\u2609<\/strong> Kredi Kart\u0131 ile <strong>Stripe<\/strong><\/p>\n<p><strong>\u2609<\/strong>\u00a0Banka transferi<\/p>\n<p>&nbsp;<\/p>\n<p><strong>Sistem gereksinimleri<\/strong>:<\/p>\n<p>Birinci s\u0131n\u0131f bir kat\u0131l\u0131mc\u0131 deneyimi i\u00e7in, bir<\/p>\n<p>Minimum bant geni\u015fli\u011fi 20 Mbps Download ve 2Mbps Upload<\/p>\n<p>\u0130nternet bant geni\u015fli\u011finizi kontrol edin\u00a0 <a href=\"https:\/\/www.speedtest.net\/\">Speedtest<\/a><\/p>\n<p>&nbsp;<\/p>\n<p>&nbsp;<\/p>\n","protected":false},"excerpt":{"rendered":"<p>Dahil: &#8211; StoneCash premium \u00f6zellikler &#8211; Firman\u0131za \u00f6zel Live Page &#8211; Y\u0131l boyunca ger\u00e7ekle\u015fecek 3 adet SmartFair\u2019a kat\u0131lma hakk\u0131 &#8211; Logonuzun oldu\u011fu s\u0131n\u0131rs\u0131z davetiye &#8211; S\u0131n\u0131rs\u0131z Smartfair ziyaret\u00e7isi ile tan\u0131\u015fma &nbsp; \u00d6deme: \u2609 Kredi Kart\u0131 ile Stripe \u2609\u00a0Banka transferi &nbsp; Sistem gereksinimleri: Birinci s\u0131n\u0131f bir kat\u0131l\u0131mc\u0131 deneyimi i\u00e7in, bir Minimum bant geni\u015fli\u011fi 20 Mbps Download [&hellip;]<\/p>\n","protected":false},"featured_media":1121,"template":"","meta":[],"product_brand":[],"product_cat":[34],"product_tag":[],"class_list":{"0":"post-1116","1":"product","2":"type-product","3":"status-publish","4":"has-post-thumbnail","6":"product_cat-stonecash","8":"first","9":"instock","10":"virtual","11":"purchasable","12":"product-type-simple"},"_links":{"self":[{"href":"https:\/\/stonecash.co\/tr\/wp-json\/wp\/v2\/product\/1116","targetHints":{"allow":["GET"]}}],"collection":[{"href":"https:\/\/stonecash.co\/tr\/wp-json\/wp\/v2\/product"}],"about":[{"href":"https:\/\/stonecash.co\/tr\/wp-json\/wp\/v2\/types\/product"}],"wp:featuredmedia":[{"embeddable":true,"href":"https:\/\/stonecash.co\/tr\/wp-json\/wp\/v2\/media\/1121"}],"wp:attachment":[{"href":"https:\/\/stonecash.co\/tr\/wp-json\/wp\/v2\/media?parent=1116"}],"wp:term":[{"taxonomy":"product_brand","embeddable":true,"href":"https:\/\/stonecash.co\/tr\/wp-json\/wp\/v2\/product_brand?post=1116"},{"taxonomy":"product_cat","embeddable":true,"href":"https:\/\/stonecash.co\/tr\/wp-json\/wp\/v2\/product_cat?post=1116"},{"taxonomy":"product_tag","embeddable":true,"href":"https:\/\/stonecash.co\/tr\/wp-json\/wp\/v2\/product_tag?post=1116"}],"curies":[{"name":"wp","href":"https:\/\/api.w.org\/{rel}","templated":true}]}}