{"id":927,"date":"2020-10-17T10:05:04","date_gmt":"2020-10-17T10:05:04","guid":{"rendered":"https:\/\/stonecash.co\/tr\/?post_type=product&#038;p=927"},"modified":"2020-11-20T16:21:15","modified_gmt":"2020-11-20T16:21:15","slug":"smartfair","status":"publish","type":"product","link":"https:\/\/stonecash.co\/tr\/product\/smartfair\/","title":{"rendered":"TEK OLAY"},"content":{"rendered":"<p><strong>Dahil:<\/strong><\/p>\n<p>&#8211;\u00a0SmartFair\u2019a 1 defa kat\u0131lma hakk\u0131<\/p>\n<p>&#8211; SmartFair\u2019den iki hafta sonras\u0131na kadar kullan\u0131m<\/p>\n<p>&#8211; Logonuzun oldu\u011fu s\u0131n\u0131rs\u0131z davetiye<\/p>\n<p><strong>&#8211;\u00a0<\/strong>Yeni m\u00fc\u015fteriyle tan\u0131\u015fmak 25 EURO (Davet etti\u011finiz misafirlerinizin %10\u2019u kadar yeni m\u00fc\u015fteriyle tan\u0131\u015fmak \u00fccretsiz)<\/p>\n<p>&nbsp;<\/p>\n<p>&nbsp;<\/p>\n<p><strong>\u00d6deme<\/strong>:<\/p>\n<p><strong>\u2609<\/strong> Kredi Kart\u0131 ile <strong>Stripe<\/strong><\/p>\n<p><strong>\u2609<\/strong>\u00a0Banka transferi<\/p>\n<p>&nbsp;<\/p>\n<p><strong>Sistem gereksinimleri<\/strong>:<\/p>\n<p>Birinci s\u0131n\u0131f bir kat\u0131l\u0131mc\u0131 deneyimi i\u00e7in, bir<\/p>\n<p>Minimum bant geni\u015fli\u011fi 20 Mbps Download ve 2Mbps Upload<\/p>\n<p>\u0130nternet bant geni\u015fli\u011finizi kontrol edin\u00a0 <a href=\"https:\/\/www.speedtest.net\/\">Speedtest<\/a><\/p>\n<p>&nbsp;<\/p>\n","protected":false},"excerpt":{"rendered":"<p>&nbsp;<\/p>\n<p>&nbsp;<\/p>\n","protected":false},"featured_media":928,"template":"","meta":[],"product_brand":[],"product_cat":[34],"product_tag":[],"class_list":{"0":"post-927","1":"product","2":"type-product","3":"status-publish","4":"has-post-thumbnail","6":"product_cat-stonecash","8":"first","9":"instock","10":"virtual","11":"purchasable","12":"product-type-simple"},"_links":{"self":[{"href":"https:\/\/stonecash.co\/tr\/wp-json\/wp\/v2\/product\/927","targetHints":{"allow":["GET"]}}],"collection":[{"href":"https:\/\/stonecash.co\/tr\/wp-json\/wp\/v2\/product"}],"about":[{"href":"https:\/\/stonecash.co\/tr\/wp-json\/wp\/v2\/types\/product"}],"wp:featuredmedia":[{"embeddable":true,"href":"https:\/\/stonecash.co\/tr\/wp-json\/wp\/v2\/media\/928"}],"wp:attachment":[{"href":"https:\/\/stonecash.co\/tr\/wp-json\/wp\/v2\/media?parent=927"}],"wp:term":[{"taxonomy":"product_brand","embeddable":true,"href":"https:\/\/stonecash.co\/tr\/wp-json\/wp\/v2\/product_brand?post=927"},{"taxonomy":"product_cat","embeddable":true,"href":"https:\/\/stonecash.co\/tr\/wp-json\/wp\/v2\/product_cat?post=927"},{"taxonomy":"product_tag","embeddable":true,"href":"https:\/\/stonecash.co\/tr\/wp-json\/wp\/v2\/product_tag?post=927"}],"curies":[{"name":"wp","href":"https:\/\/api.w.org\/{rel}","templated":true}]}}