{"id":930,"date":"2020-10-17T10:11:35","date_gmt":"2020-10-17T10:11:35","guid":{"rendered":"https:\/\/stonecash.co\/tr\/?post_type=product&#038;p=930"},"modified":"2020-11-20T16:24:26","modified_gmt":"2020-11-20T16:24:26","slug":"an_visualizer","status":"publish","type":"product","link":"https:\/\/stonecash.co\/tr\/product\/an_visualizer\/","title":{"rendered":"VISUALIZER"},"content":{"rendered":"<p><strong>Dahil:<\/strong><\/p>\n<p>&#8211; Firman\u0131za \u00f6zel Visualizer<\/p>\n<p>&#8211; StoneCash premium \u00f6zellikler<\/p>\n<p>&#8211; Firman\u0131za \u00f6zel Live Page<\/p>\n<p>&#8211; Y\u0131l boyunca ger\u00e7ekle\u015fecek 3 adet SmartFair\u2019a kat\u0131lma hakk\u0131<\/p>\n<p>&#8211; Logonuzun oldu\u011fu s\u0131n\u0131rs\u0131z davetiye<\/p>\n<p>&#8211; S\u0131n\u0131rs\u0131z Smartfair ziyaret\u00e7isi ile tan\u0131\u015fma<\/p>\n<p>&nbsp;<\/p>\n<p><strong>\u00d6deme<\/strong>:<\/p>\n<p><strong>\u2609<\/strong> Kredi Kart\u0131 ile <strong>Stripe<\/strong><\/p>\n<p><strong>\u2609<\/strong>\u00a0Banka transferi<\/p>\n<p>&nbsp;<\/p>\n<p>&nbsp;<\/p>\n","protected":false},"excerpt":{"rendered":"<p>Dahil: &#8211; Firman\u0131za \u00f6zel Visualizer &#8211; StoneCash premium \u00f6zellikler &#8211; Firman\u0131za \u00f6zel Live Page &#8211; Y\u0131l boyunca ger\u00e7ekle\u015fecek 3 adet SmartFair\u2019a kat\u0131lma hakk\u0131 &#8211; Logonuzun oldu\u011fu s\u0131n\u0131rs\u0131z davetiye &#8211; S\u0131n\u0131rs\u0131z Smartfair ziyaret\u00e7isi ile tan\u0131\u015fma &nbsp; \u00d6deme: \u2609 Kredi Kart\u0131 ile Stripe \u2609\u00a0Banka transferi &nbsp; &nbsp;<\/p>\n","protected":false},"featured_media":931,"template":"","meta":[],"product_brand":[],"product_cat":[34],"product_tag":[],"class_list":{"0":"post-930","1":"product","2":"type-product","3":"status-publish","4":"has-post-thumbnail","6":"product_cat-stonecash","8":"first","9":"instock","10":"virtual","11":"purchasable","12":"product-type-simple"},"_links":{"self":[{"href":"https:\/\/stonecash.co\/tr\/wp-json\/wp\/v2\/product\/930","targetHints":{"allow":["GET"]}}],"collection":[{"href":"https:\/\/stonecash.co\/tr\/wp-json\/wp\/v2\/product"}],"about":[{"href":"https:\/\/stonecash.co\/tr\/wp-json\/wp\/v2\/types\/product"}],"wp:featuredmedia":[{"embeddable":true,"href":"https:\/\/stonecash.co\/tr\/wp-json\/wp\/v2\/media\/931"}],"wp:attachment":[{"href":"https:\/\/stonecash.co\/tr\/wp-json\/wp\/v2\/media?parent=930"}],"wp:term":[{"taxonomy":"product_brand","embeddable":true,"href":"https:\/\/stonecash.co\/tr\/wp-json\/wp\/v2\/product_brand?post=930"},{"taxonomy":"product_cat","embeddable":true,"href":"https:\/\/stonecash.co\/tr\/wp-json\/wp\/v2\/product_cat?post=930"},{"taxonomy":"product_tag","embeddable":true,"href":"https:\/\/stonecash.co\/tr\/wp-json\/wp\/v2\/product_tag?post=930"}],"curies":[{"name":"wp","href":"https:\/\/api.w.org\/{rel}","templated":true}]}}